{"id":1467,"date":"2017-03-24T10:00:13","date_gmt":"2017-03-24T10:00:13","guid":{"rendered":"http:\/\/lister.mikado-themes.com\/?page_id=1467"},"modified":"2018-07-30T08:20:50","modified_gmt":"2018-07-30T06:20:50","slug":"business-showcase","status":"publish","type":"page","link":"https:\/\/hcv.info.pl\/","title":{"rendered":"Start"},"content":{"rendered":"<p>[vc_row content_placement=&#8221;middle&#8221; content_text_aligment=&#8221;center&#8221;][vc_column]<div class=\"mkd-elements-holder mkd-two-columns mkd-responsive-mode-1024\" ><div class=\"mkd-eh-item \"  data-item-class=\"mkd-eh-custom-778743\" data-1280-1600=\"0 5% 11% 5%\" data-1024-1280=\"0 0 5% 0\" data-768-1024=\"10% 10% 12% 10%\" data-600-768=\"10% 10% 16% 10%\" data-480-600=\"10% 0 18% 0\" data-480=\"10% 0 19% 0\">\n\t\t<div class=\"mkd-eh-item-inner\">\n\t\t<div class=\"mkd-eh-item-content mkd-eh-custom-778743\" style=\"padding: 0 15% 5% 15%\">\n\t\t\t<h1 class=\"mkd-custom-font-holder  mkd-cf-7416\" style=\"font-family: Montserrat;font-size: 65px;line-height: 80px;font-weight: 400;letter-spacing: -2px;text-align: center\" data-item-class=\"mkd-cf-7416\" data-font-size-680=\"40px\" data-line-height-680=\"45px\">\n\tMoja wiedza o HCV<\/h1><a itemprop=\"url\" href=\"http:\/\/hcv.info.pl\/index.php\/faq\/\" target=\"_blank\" style=\"color: #ffffff;background-color: #2c84cc;border-color: #2c84cc;font-size: 18px;margin: 53px 0 0 4px;text-align: center\" class=\"mkd-btn mkd-btn-large mkd-btn-solid mkd-btn-custom-hover-bg mkd-btn-custom-border-hover mkd-btn-custom-hover-color mkd-btn-icon mkd-btn-icon-hover-animation\" data-hover-color=\"#ffffff\" data-hover-bg-color=\"#2396f3\" data-hover-border-color=\"#2396f3\" data-icon-bck-color=\"#4292d1\" data-icon-bck-hover-color=\"#39a1f6\" >\n    <span class=\"mkd-btn-text\"  >\n        sprawd\u017a nasz ePrzewodnik    <\/span>\n\t        <span class=\"mkd-btn-icon-html\" style=\"background-color: #4292d1\" >\n            <i class=\"mkd-icon-font-awesome fa fa-arrow-circle-right mkd-btn-main-icon\" ><\/i>                \t        <span class=\"mkd-btn-icon-hover\">\n    \t            <i class=\"mkd-icon-font-awesome fa fa-arrow-circle-right \" ><\/i>    \t        <\/span>\n                    <\/span>\n\t<\/a>\t\t<\/div>\n\t<\/div>\n\t<div class=\"mkd-eh-item-background\" ><\/div>\n<\/div><div class=\"mkd-eh-item \"  data-item-class=\"mkd-eh-custom-783560\">\n\t\t<div class=\"mkd-eh-item-inner\">\n\t\t<div class=\"mkd-eh-item-content mkd-eh-custom-783560\" style=\"padding: 35.1% 0 35.1% 0\">\n\t\t\t\t\t<\/div>\n\t<\/div>\n\t<div class=\"mkd-eh-item-background\" style=\"background-image: url(https:\/\/hcv.info.pl\/wp-content\/uploads\/2018\/07\/poradnik2.jpg)\"><\/div>\n<\/div><\/div>[\/vc_column][\/vc_row][vc_row content_placement=&#8221;middle&#8221; content_text_aligment=&#8221;center&#8221;][vc_column]<div class=\"mkd-elements-holder mkd-two-columns mkd-responsive-mode-1024\" ><div class=\"mkd-eh-item mkd-horizontal-alignment-center\"  data-item-class=\"mkd-eh-custom-890887\">\n\t\t<div class=\"mkd-eh-item-inner\">\n\t\t<div class=\"mkd-eh-item-content mkd-eh-custom-890887\" style=\"padding: 35.1% 0 35.1% 0\">\n\t\t\t\t\t<\/div>\n\t<\/div>\n\t<div class=\"mkd-eh-item-background\" style=\"background-image: url(https:\/\/hcv.info.pl\/wp-content\/uploads\/2018\/07\/mapa2.jpg)\"><\/div>\n<\/div><div class=\"mkd-eh-item \"  data-item-class=\"mkd-eh-custom-917636\" data-1024-1280=\"0px 0px 47px 0px\" data-768-1024=\"7% 10% 11% 10%\" data-600-768=\"10% 2% 15% 2%\" data-480-600=\"15% 0 22% 0\" data-480=\"15% 0 27% 0\">\n\t\t<div class=\"mkd-eh-item-inner\">\n\t\t<div class=\"mkd-eh-item-content mkd-eh-custom-917636\" style=\"padding: 0px 0px 51px 0px\">\n\t\t\t<h1 class=\"mkd-custom-font-holder  mkd-cf-3263\" style=\"font-family: Montserrat;font-size: 65px;line-height: 80px;font-weight: 400;letter-spacing: -2px;text-align: center\" data-item-class=\"mkd-cf-3263\" data-font-size-680=\"40px\" data-line-height-680=\"45px\">\n\tGdzie si\u0119 leczy\u0107?<\/h1>[vc_column_text css=&#8221;.vc_custom_1532644671111{margin-top: -10px !important;}&#8221;]<\/p>\n<h4><span style=\"color: #2a2a2a;\">Dost\u0119pne plac\u00f3wki medyczne<\/span><\/h4>\n<p>[\/vc_column_text]<a itemprop=\"url\" href=\"http:\/\/hcv.info.pl\/index.php\/lokalizacje-placowek\/\" target=\"_blank\" style=\"color: #ffffff;background-color: #2c84cc;border-color: #2c84cc;font-size: 18px;margin: 36px 0 0 4px;text-align: center\" class=\"mkd-btn mkd-btn-medium mkd-btn-solid mkd-btn-custom-hover-bg mkd-btn-custom-border-hover mkd-btn-custom-hover-color mkd-btn-icon mkd-btn-icon-hover-animation\" data-hover-color=\"#ffffff\" data-hover-bg-color=\"#2396f3\" data-hover-border-color=\"#2396f3\" data-icon-bck-color=\"#4292d1\" data-icon-bck-hover-color=\"#39a1f6\" >\n    <span class=\"mkd-btn-text\"  >\n        Sprawd\u017a na mapie    <\/span>\n\t        <span class=\"mkd-btn-icon-html\" style=\"background-color: #4292d1\" >\n            <i class=\"mkd-icon-font-awesome fa fa-arrow-circle-right mkd-btn-main-icon\" ><\/i>                \t        <span class=\"mkd-btn-icon-hover\">\n    \t            <i class=\"mkd-icon-font-awesome fa fa-arrow-circle-right \" ><\/i>    \t        <\/span>\n                    <\/span>\n\t<\/a>\t\t<\/div>\n\t<\/div>\n\t<div class=\"mkd-eh-item-background\" ><\/div>\n<\/div><\/div>[\/vc_column][\/vc_row][vc_row content_placement=&#8221;middle&#8221; content_text_aligment=&#8221;left&#8221;][vc_column]<div class=\"mkd-elements-holder mkd-two-columns mkd-responsive-mode-1024\" ><div class=\"mkd-eh-item \"  data-item-class=\"mkd-eh-custom-767367\" data-1280-1600=\"0 20% 9% 20%\" data-1024-1280=\"0px 25% 11% 15%\" data-768-1024=\"5% 20% 13% 20%\" data-600-768=\"8% 21% 18% 20%\" data-480-600=\"10% 20% 35% 20%\" data-480=\"10% 18% 35% 18%\">\n\t\t<div class=\"mkd-eh-item-inner\">\n\t\t<div class=\"mkd-eh-item-content mkd-eh-custom-767367\" style=\"padding: 0 23% 8% 17%\">\n\t\t\t<h2 class=\"mkd-custom-font-holder  mkd-cf-9685\" style=\"font-family: Montserrat;font-size: 40px;line-height: 45px;font-weight: 400;letter-spacing: -2px;text-align: left\" data-item-class=\"mkd-cf-9685\" data-font-size-680=\"40px\" data-line-height-680=\"45px\">\n\tDlaczego warto wiedzie\u0107?<\/h2><div class=\"mkd-testimonials-holder  mkd-testimonials-standard mkd-testimonials-dark clearfix\"><div class=\"mkd-testimonials mkd-owl-slider\"  data-number-of-items=\"1\" data-enable-loop=\"yes\" data-enable-autoplay=\"yes\" data-slider-speed=\"5000\" data-slider-speed-animation=\"600\" data-enable-navigation=\"no\" data-enable-pagination=\"yes\"><div class=\"mkd-testimonial-content\" id=\"mkd-testimonials-5115\">\n    <div class=\"mkd-testimonial-text-holder\">\n                            <h4 class=\"mkd-testimonial-author\">U wi\u0119kszo\u015bci os\u00f3b zaka\u017conych wirusem HCV, ostra faza zaka\u017cenia przebiega w spos\u00f3b bezobjawowy, tzn. chory nie odczuwa \u017cadnych dolegliwo\u015bci. <\/h4>\n                        <\/div>\n<\/div><div class=\"mkd-testimonial-content\" id=\"mkd-testimonials-575\">\n    <div class=\"mkd-testimonial-text-holder\">\n                            <h4 class=\"mkd-testimonial-author\">Wirus HCV znajduje si\u0119 nie tylko w kom\u00f3rkach w\u0105troby osoby zaka\u017conej, ale tak\u017ce we krwi i w wi\u0119kszo\u015bci p\u0142yn\u00f3w ustrojowych (nasienie, wydzielina szyjki macicy, p\u0142yny z jam cia\u0142a).<\/h4>\n                        <\/div>\n<\/div><div class=\"mkd-testimonial-content\" id=\"mkd-testimonials-574\">\n    <div class=\"mkd-testimonial-text-holder\">\n                            <h4 class=\"mkd-testimonial-author\">Wszystkie osoby, kt\u00f3re by\u0142y hospitalizowane (zw\u0142aszcza przed ponad 25 laty) lub te\u017c otrzymywa\u0142y przed 1993 r. leczenie preparatami krwi, mog\u0142y by\u0107 nara\u017cone na zaka\u017cenie HCV.<\/h4>\n                        <\/div>\n<\/div><div class=\"mkd-testimonial-content\" id=\"mkd-testimonials-573\">\n    <div class=\"mkd-testimonial-text-holder\">\n                            <h4 class=\"mkd-testimonial-author\">Zaka\u017cenie HCV mo\u017ce by\u0107 ca\u0142kowicie wyeliminowane z organizmu dzi\u0119ki lekom. W Polsce dost\u0119pne s\u0105 praktycznie wszystkie zarejestrowane w Unii Europejskiej leki przeciwwirusowe.<\/h4>\n                        <\/div>\n<\/div><div class=\"mkd-testimonial-content\" id=\"mkd-testimonials-572\">\n    <div class=\"mkd-testimonial-text-holder\">\n                            <h4 class=\"mkd-testimonial-author\">Wsp\u00f3\u0142cze\u015bnie dost\u0119pne terapie anty-HCV charakteryzuje bardzo wysoka skuteczno\u015b\u0107,  bliska 100%, oraz znakomity profil bezpiecze\u0144stwa. Warto podda\u0107 si\u0119 leczeniu!<\/h4>\n                        <\/div>\n<\/div><\/div><\/div>\t\t<\/div>\n\t<\/div>\n\t<div class=\"mkd-eh-item-background\" style=\"background-color: #f4f4f4\"><\/div>\n<\/div><div class=\"mkd-eh-item mkd-horizontal-alignment-center\"  data-item-class=\"mkd-eh-custom-780967\">\n\t\t<div class=\"mkd-eh-item-inner\">\n\t\t<div class=\"mkd-eh-item-content mkd-eh-custom-780967\" style=\"padding: 35.1% 0 35.1% 0\">\n\t\t\t\t\t<\/div>\n\t<\/div>\n\t<div class=\"mkd-eh-item-background\" style=\"background-image: url(https:\/\/hcv.info.pl\/wp-content\/uploads\/2018\/07\/glowna3.jpg)\"><\/div>\n<\/div><\/div>[\/vc_column][\/vc_row]<\/p>\n","protected":false},"excerpt":{"rendered":"<p>[vc_row content_placement=&#8221;middle&#8221; content_text_aligment=&#8221;center&#8221;][vc_column][\/vc_column][\/vc_row][vc_row content_placement=&#8221;middle&#8221; content_text_aligment=&#8221;center&#8221;][vc_column][\/vc_column][\/vc_row][vc_row content_placement=&#8221;middle&#8221; content_text_aligment=&#8221;left&#8221;][vc_column][\/vc_column][\/vc_row]<\/p>\n","protected":false},"author":1,"featured_media":0,"parent":0,"menu_order":0,"comment_status":"closed","ping_status":"closed","template":"full-width.php","meta":[],"_links":{"self":[{"href":"https:\/\/hcv.info.pl\/index.php\/wp-json\/wp\/v2\/pages\/1467"}],"collection":[{"href":"https:\/\/hcv.info.pl\/index.php\/wp-json\/wp\/v2\/pages"}],"about":[{"href":"https:\/\/hcv.info.pl\/index.php\/wp-json\/wp\/v2\/types\/page"}],"author":[{"embeddable":true,"href":"https:\/\/hcv.info.pl\/index.php\/wp-json\/wp\/v2\/users\/1"}],"replies":[{"embeddable":true,"href":"https:\/\/hcv.info.pl\/index.php\/wp-json\/wp\/v2\/comments?post=1467"}],"version-history":[{"count":33,"href":"https:\/\/hcv.info.pl\/index.php\/wp-json\/wp\/v2\/pages\/1467\/revisions"}],"predecessor-version":[{"id":5294,"href":"https:\/\/hcv.info.pl\/index.php\/wp-json\/wp\/v2\/pages\/1467\/revisions\/5294"}],"wp:attachment":[{"href":"https:\/\/hcv.info.pl\/index.php\/wp-json\/wp\/v2\/media?parent=1467"}],"curies":[{"name":"wp","href":"https:\/\/api.w.org\/{rel}","templated":true}]}}