{"id":18,"date":"2017-03-08T09:39:31","date_gmt":"2017-03-08T09:39:31","guid":{"rendered":"http:\/\/lister.mikado-themes.com\/job-dashboard\/"},"modified":"2017-03-08T09:39:31","modified_gmt":"2017-03-08T09:39:31","slug":"job-dashboard","status":"publish","type":"page","link":"https:\/\/hcv.info.pl\/index.php\/job-dashboard\/","title":{"rendered":"Job Dashboard"},"content":{"rendered":"<div id=\"job-manager-job-dashboard\">\n\n\t<p class=\"account-sign-in\">Zaloguj si\u0119, aby zarz\u0105dza\u0107 swoimi ofertami. <a class=\"button\" href=\"https:\/\/hcv.info.pl\/wp-login.php?redirect_to=https%3A%2F%2Fhcv.info.pl%2Findex.php%2Fjob-dashboard%2F\">Zaloguj si\u0119<\/a><\/p>\n\n<\/div>\n\n","protected":false},"excerpt":{"rendered":"Zaloguj si\u0119, aby zarz\u0105dza\u0107 swoimi ofertami. Zaloguj si\u0119","protected":false},"author":1,"featured_media":0,"parent":0,"menu_order":0,"comment_status":"closed","ping_status":"closed","template":"","meta":[],"_links":{"self":[{"href":"https:\/\/hcv.info.pl\/index.php\/wp-json\/wp\/v2\/pages\/18"}],"collection":[{"href":"https:\/\/hcv.info.pl\/index.php\/wp-json\/wp\/v2\/pages"}],"about":[{"href":"https:\/\/hcv.info.pl\/index.php\/wp-json\/wp\/v2\/types\/page"}],"author":[{"embeddable":true,"href":"https:\/\/hcv.info.pl\/index.php\/wp-json\/wp\/v2\/users\/1"}],"replies":[{"embeddable":true,"href":"https:\/\/hcv.info.pl\/index.php\/wp-json\/wp\/v2\/comments?post=18"}],"version-history":[{"count":0,"href":"https:\/\/hcv.info.pl\/index.php\/wp-json\/wp\/v2\/pages\/18\/revisions"}],"wp:attachment":[{"href":"https:\/\/hcv.info.pl\/index.php\/wp-json\/wp\/v2\/media?parent=18"}],"curies":[{"name":"wp","href":"https:\/\/api.w.org\/{rel}","templated":true}]}}