{"id":4724,"date":"2017-03-07T14:47:42","date_gmt":"2017-03-07T14:47:42","guid":{"rendered":"http:\/\/lister.mikado-themes.com\/?page_id=7"},"modified":"2026-04-19T10:23:48","modified_gmt":"2026-04-19T08:23:48","slug":"user-dashboard","status":"publish","type":"page","link":"https:\/\/hcv.info.pl\/index.php\/user-dashboard\/","title":{"rendered":"User Dashboard"},"content":{"rendered":"<div id=\"job-manager-job-dashboard\">\n\n\t<p class=\"account-sign-in\">Zaloguj si\u0119, aby zarz\u0105dza\u0107 swoimi ofertami. <a class=\"button\" href=\"https:\/\/hcv.info.pl\/wp-login.php?redirect_to=https%3A%2F%2Fhcv.info.pl%2Findex.php%2Fuser-dashboard%2F\">Zaloguj si\u0119<\/a><\/p>\n\n<\/div>\n\n","protected":false},"excerpt":{"rendered":"Zaloguj si\u0119, aby zarz\u0105dza\u0107 swoimi ofertami. Zaloguj si\u0119","protected":false},"author":1,"featured_media":0,"parent":0,"menu_order":0,"comment_status":"closed","ping_status":"closed","template":"user-dashboard.php","meta":[],"_links":{"self":[{"href":"https:\/\/hcv.info.pl\/index.php\/wp-json\/wp\/v2\/pages\/4724"}],"collection":[{"href":"https:\/\/hcv.info.pl\/index.php\/wp-json\/wp\/v2\/pages"}],"about":[{"href":"https:\/\/hcv.info.pl\/index.php\/wp-json\/wp\/v2\/types\/page"}],"author":[{"embeddable":true,"href":"https:\/\/hcv.info.pl\/index.php\/wp-json\/wp\/v2\/users\/1"}],"replies":[{"embeddable":true,"href":"https:\/\/hcv.info.pl\/index.php\/wp-json\/wp\/v2\/comments?post=4724"}],"version-history":[{"count":2,"href":"https:\/\/hcv.info.pl\/index.php\/wp-json\/wp\/v2\/pages\/4724\/revisions"}],"predecessor-version":[{"id":4798,"href":"https:\/\/hcv.info.pl\/index.php\/wp-json\/wp\/v2\/pages\/4724\/revisions\/4798"}],"wp:attachment":[{"href":"https:\/\/hcv.info.pl\/index.php\/wp-json\/wp\/v2\/media?parent=4724"}],"curies":[{"name":"wp","href":"https:\/\/api.w.org\/{rel}","templated":true}]}}