{"id":5788,"date":"2020-09-14T16:06:43","date_gmt":"2020-09-14T14:06:43","guid":{"rendered":"https:\/\/hcv.info.pl\/?page_id=5788"},"modified":"2020-09-14T16:20:28","modified_gmt":"2020-09-14T14:20:28","slug":"lokalizacje-placowek","status":"publish","type":"page","link":"https:\/\/hcv.info.pl\/index.php\/lokalizacje-placowek\/","title":{"rendered":"Gdzie sie leczy\u0107"},"content":{"rendered":"\n<p class=\"has-text-align-center\" style=\"font-size:25px\">Gdzie si\u0119 leczy\u0107 &#8211; <span style=\"color:#ffc800\">lokalizacje plac\u00f3wek<\/span><\/p>\n\n\n\n<link rel='stylesheet' id='asl-plugin-css'  href='https:\/\/hcv.info.pl\/wp-content\/plugins\/codecanyon-yOvYB12M-agile-store-locator-google-maps-for-wordpress\/public\/css\/asl-2.css?v=4.6.8.1' type='text\/css' media='all' \/>\r\n<style type=\"text\/css\">\r\n#asl-storelocator.asl-p-cont .Status_filter .onoffswitch-inner::before{content: \"OPEN\" !important}\r\n#asl-storelocator.asl-p-cont .Status_filter .onoffswitch-inner::after{content: \"ALL\" !important}\r\n#asl-storelocator.container.storelocator-main.asl-p-cont .asl-loc-sec .asl-panel {order: 0;}\r\n\r\n<\/style>\r\n<div id=\"asl-storelocator\" class=\"container asl-template-2 storelocator-main asl-p-cont asl-layout-0  asl-bg-1 full-width no-asl-filters asl-no-advance full-height asl-text-1\">\r\n  <div class=\"row asl-loc-sec\">\r\n    <div class=\"col-sm-4 col-xs-12 asl-panel-box\">\r\n              <div class=\"Num_of_store\">\r\n          <div class=\"calign\"><span  ><\/span>LISTA PUNKT\u00d3W <span class=\"count-result\" style=\"color:#FFCC00\">0<\/span>\r\n<\/div>\r\n        <\/div>\r\n            <div class=\"asl-m--15\">\r\n        <div class=\"col-sm-12 col-xs-12 asl-panel\">\r\n                    <!--  Panel Listing -->\r\n          \r\n          <div id=\"asl-list\" class=\"storelocator-panel \">\r\n            <div class=\"asl-overlay\" id=\"map-loading\">\r\n              <div class=\"white\"><\/div>\r\n              <div class=\"loading\"><img style=\"margin-right: 10px;\" class=\"loader\" src=\"https:\/\/hcv.info.pl\/wp-content\/plugins\/codecanyon-yOvYB12M-agile-store-locator-google-maps-for-wordpress\/public\/Logo\/loading.gif\">\u0141adowanie listy punkt\u00f3w...<\/div>\r\n            <\/div>\r\n            <div class=\"panel-cont\">\r\n\r\n                <div class=\"panel-inner\">\r\n                  <div class=\"col-md-12 asl-p-0\">\r\n                        <ul id=\"p-statelist\" role=\"tablist\" aria-multiselectable=\"true\">\r\n                      <\/ul>\r\n                  <\/div>\r\n                <\/div>\r\n            <\/div>\r\n            <div class=\"directions-cont hide\" style=\"padding-top:12px\">\r\n              <div class=\"agile-modal-header\">\r\n                <button type=\"button\" class=\"close\"><span aria-hidden=\"true\">&times;<\/span><\/button>\r\n                <h4>Sprawd\u017a dojazd<\/h4>\r\n              <\/div>\r\n              <div class=\"rendered-directions\"><\/div>\r\n            <\/div>\r\n          <\/div>\r\n        <\/div> \r\n      <\/div>\r\n    <\/div>\r\n    <div class=\"col-sm-8 col-xs-12 asl-map\">\r\n      <div class=\"store-locator\">\r\n          \r\n        <div class=\" search_filter inside-map\">\r\n            <p>\r\n              <input type=\"text\" value=\"\" id=\"auto-complete-search\" class=\"form-control  asl-search-address\"  placeholder=\"Podaj swoj\u0105 lokalizacj\u0119\">\r\n              <span><i class=\"glyphicon asl-geo icon-direction-outline\" title=\"Twoja lokalizacja\"><\/i><\/span>\r\n            <\/p>\r\n        <\/div>\r\n        <div id=\"asl-map-canv\"><\/div>\r\n        <!-- agile-modal -->\r\n        <div id=\"agile-modal-direction\" class=\"agile-modal fade\">\r\n          <div class=\"agile-modal-backdrop-in\"><\/div>\r\n          <div class=\"agile-modal-dialog in\">\r\n            <div class=\"agile-modal-content\">\r\n              <div class=\"agile-modal-header\">\r\n                <button type=\"button\" class=\"close-directions close\" data-dismiss=\"agile-modal\" aria-label=\"Close\"><span aria-hidden=\"true\">&times;<\/span><\/button>\r\n                <h4>Get Your Directions<\/h4>\r\n              <\/div>\r\n              <div class=\"form-group\">\r\n                <label for=\"frm-lbl\">From:<\/label>\r\n                <input type=\"text\" class=\"form-control frm-place\" id=\"frm-lbl\" placeholder=\"Enter a Location\">\r\n              <\/div>\r\n              <div class=\"form-group\">\r\n                <label for=\"frm-lbl\">To:<\/label>\r\n                <input readonly=\"true\" type=\"text\"  class=\"directions-to form-control\" id=\"to-lbl\" placeholder=\"Prepopulated Destination Address\">\r\n              <\/div>\r\n              <div class=\"form-group\">\r\n                <span for=\"frm-lbl\">Show Distance In<\/span>\r\n                <label class=\"checkbox-inline\">\r\n                  <input type=\"radio\" name=\"dist-type\"  id=\"rbtn-km\" value=\"0\"> KM                <\/label>\r\n                <label class=\"checkbox-inline\">\r\n                  <input type=\"radio\" name=\"dist-type\" checked id=\"rbtn-mile\" value=\"1\"> Mile                <\/label>\r\n              <\/div>\r\n              <div class=\"form-group\">\r\n                <button type=\"submit\" class=\"btn btn-default btn-submit\">GET DIRECTIONS<\/button>\r\n              <\/div>\r\n            <\/div>\r\n          <\/div>\r\n        <\/div>\r\n\r\n        <div id=\"asl-geolocation-agile-modal\" class=\"agile-modal fade\">\r\n          \r\n          <div class=\"agile-modal-backdrop-in\"><\/div>\r\n          <div class=\"agile-modal-dialog in\">\r\n          \r\n            <div class=\"agile-modal-content\">\r\n              <button type=\"button\" class=\"close-directions close\" data-dismiss=\"agile-modal\" aria-label=\"Close\"><span aria-hidden=\"true\">&times;<\/span><\/button>\r\n                            <div class=\"form-group\">\r\n                <h4>Use my location to find the closest Service Provider near me<\/h4>\r\n              <\/div>\r\n              <div class=\"form-group text-center\">\r\n                <button type=\"button\" id=\"asl-btn-geolocation\" class=\"btn btn-block btn-default\">USE LOCATION<\/button>\r\n              <\/div>\r\n                          <\/div>\r\n          <\/div>\r\n        <\/div>\r\n        <!-- agile-modal end -->\r\n      <\/div>\r\n    <\/div>\r\n  <\/div>\r\n<\/div>\r\n<!-- This plugin is developed by \"Agile Store Locator for WordPress\" https:\/\/agilestorelocator.com -->\r\n<script id=\"tmpl_list_item\" type=\"text\/x-jsrender\">\r\n  <div class=\"sl-item\" data-id=\"{{:id}}\">\r\n    <div class=\"row\">\r\n      {{if path}}\r\n      <div class=\"col-xs-4 img-section\">\r\n        <a class=\"thumb-a\"><img src=\"https:\/\/hcv.info.pl\/wp-content\/plugins\/codecanyon-yOvYB12M-agile-store-locator-google-maps-for-wordpress\/public\/Logo\/{{:path}}\" alt=\"logo\"><\/a>\r\n      <\/div>\r\n      {{\/if}}\r\n      <div class=\"col-xs-8 data-section\">\r\n        <div class=\"title-item\">\r\n          <p class=\"p-title\">{{:title}}<\/p>\r\n        <\/div>\r\n        <div class=\"clear\"><\/div>\r\n        <div class=\"addr-sec\">\r\n          <p class=\"p-area\">{{:address}}<\/p>\r\n          {{if phone}}\r\n          <p class=\"p-area\"><span class=\"glyphicon icon-phone-outline\"><\/span>{{:phone}}<\/p>\r\n          {{\/if}}\r\n          {{if email}}\r\n          <p class=\"p-area\"><span class=\"glyphicon icon-at\"><\/span><a href=\"mailto:{{:email}}\" style=\"text-transform: lowercase\">{{:email}}<\/a><\/p>\r\n          {{\/if}}\r\n          {{if c_names}}\r\n          <p class=\"p-category\"><span class=\"glyphicon icon-tag\"><\/span> {{:c_names}}<\/p>\r\n          {{\/if}}\r\n          {{if open_hours}}\r\n          <p class=\"p-time\"><span class=\"glyphicon icon-clock-1\"><\/span> {{:open_hours}}<\/p>\r\n          {{\/if}}\r\n          {{if days_str}}\r\n          <p class=\"p-time\"><span class=\"glyphicon icon-calendar-outlilne\"><\/span>{{:days_str}}<\/p>\r\n          {{\/if}}\r\n        <\/div>\r\n      <\/div>\r\n    <\/div>\r\n    <div class=\"row\">\r\n      <div class=\"col-xs-6\"><span class=\"s-distance\">{{if dist_str}}{{:dist_str}}&nbsp;{{\/if}}<\/span><\/div>\r\n      <div class=\"col-xs-6\">\r\n          <a class=\"a-direction s-direction btn btn-asl pull-right\">Sprawd\u017a dojazd<\/a>\r\n      <\/div>\r\n    <\/div>\r\n  <\/div>\r\n<\/script>\r\n\r\n\r\n\r\n<script id=\"asl_too_tip\" type=\"text\/x-jsrender\">\r\n  {{if path}}\r\n  <div class=\"image_map_popup\" style=\"display:none\"><img src=\"{{:URL}}public\/Logo\/{{:path}}\" \/><\/div>\r\n  {{\/if}}\r\n  <h3 style=\"font-size: 16px !important\">{{:title}}<\/h3>\r\n  <div class=\"infowindowContent\">\r\n    <div class=\"{{if path}}info-addr{{else}}info-addr w-100-p{{\/if}}\">\r\n      <div class=\"address\"><span class=\"glyphicon icon-location\"><\/span><span style=\"font-size: 14px !important\">{{:address}}<\/span><\/div>\r\n      {{if phone}}\r\n      <div class=\"phone\"><span class=\"glyphicon icon-phone-outline\"><\/span><a style=\"font-size: 14px !important\" href=\"tel:{{:phone}}\">{{:phone}}<\/a><\/div>\r\n      {{\/if}}\r\n      {{if end_time && start_time}}\r\n      <div class=\"p-time\"><span class=\"glyphicon icon-clock-1\"><\/span> {{:start_time}} - {{:end_time}}<\/div>\r\n      {{\/if}}\r\n      {{if email}}\r\n      <div class=\"p-time\"><span class=\"glyphicon icon-at\"><\/span><a style=\"font-size: 14px !important\" href=\"mailto:{{:email}}\" style=\"text-transform: lowercase\">{{:email}}<\/a><\/div>\r\n      {{\/if}}\r\n      {{if days_str}}\r\n      <div class=\"p-time\"><span class=\"glyphicon icon-calendar-outlilne\"><\/span> {{:days_str}}<\/div>\r\n      {{\/if}}\r\n      {{if show_categories && c_names}}\r\n      <div class=\"categories\"><span class=\"glyphicon icon-tag\"><\/span>{{:c_names}}<\/div>\r\n      {{\/if}}\r\n      {{if dist_str}}\r\n      <div class=\"distance\">Odleg\u0142o\u015b\u0107: {{:dist_str}}<\/div>\r\n      {{\/if}}\r\n    <\/div>\r\n    {{if path}}\r\n    <div class=\"img_box\" style=\"display:none\">\r\n      <img src=\"{{:URL}}public\/Logo\/{{:path}}\" alt=\"logo\">\r\n    <\/div>\r\n    {{\/if}}\r\n  <!--div class=\"asl-buttons\"><\/div-->\r\n<\/div><div class=\"arrow-down\"><\/div>\r\n<\/script>\r\n\n","protected":false},"excerpt":{"rendered":"<p>Gdzie si\u0119 leczy\u0107 &#8211; lokalizacje plac\u00f3wek<\/p>\n","protected":false},"author":1,"featured_media":0,"parent":0,"menu_order":0,"comment_status":"closed","ping_status":"closed","template":"full-width.php","meta":[],"_links":{"self":[{"href":"https:\/\/hcv.info.pl\/index.php\/wp-json\/wp\/v2\/pages\/5788"}],"collection":[{"href":"https:\/\/hcv.info.pl\/index.php\/wp-json\/wp\/v2\/pages"}],"about":[{"href":"https:\/\/hcv.info.pl\/index.php\/wp-json\/wp\/v2\/types\/page"}],"author":[{"embeddable":true,"href":"https:\/\/hcv.info.pl\/index.php\/wp-json\/wp\/v2\/users\/1"}],"replies":[{"embeddable":true,"href":"https:\/\/hcv.info.pl\/index.php\/wp-json\/wp\/v2\/comments?post=5788"}],"version-history":[{"count":7,"href":"https:\/\/hcv.info.pl\/index.php\/wp-json\/wp\/v2\/pages\/5788\/revisions"}],"predecessor-version":[{"id":5796,"href":"https:\/\/hcv.info.pl\/index.php\/wp-json\/wp\/v2\/pages\/5788\/revisions\/5796"}],"wp:attachment":[{"href":"https:\/\/hcv.info.pl\/index.php\/wp-json\/wp\/v2\/media?parent=5788"}],"curies":[{"name":"wp","href":"https:\/\/api.w.org\/{rel}","templated":true}]}}