{"id":775,"date":"2017-03-21T11:07:47","date_gmt":"2017-03-21T11:07:47","guid":{"rendered":"http:\/\/lister.mikado-themes.com\/?page_id=775"},"modified":"2018-07-30T08:36:17","modified_gmt":"2018-07-30T06:36:17","slug":"o-projekcie","status":"publish","type":"page","link":"https:\/\/hcv.info.pl\/index.php\/o-projekcie\/","title":{"rendered":"O projekcie"},"content":{"rendered":"<p>[vc_row css=&#8221;.vc_custom_1490100575670{background-color: #f4f4f4 !important;}&#8221;][vc_column css=&#8221;.vc_custom_1491210117905{margin-top: -15.2% !important;}&#8221;][vc_empty_space height=&#8221;240px&#8221;][vc_row_inner gap=&#8221;10&#8243; row_content_width=&#8221;grid&#8221; css=&#8221;.vc_custom_1532648929908{padding-top: 80px !important;padding-bottom: 55px !important;}&#8221;][vc_column_inner offset=&#8221;vc_col-lg-6 vc_col-md-offset-0 vc_col-md-12 vc_col-sm-offset-0 vc_col-xs-12&#8243;]<div class=\"mkd-section-title-holder\" >\n\t\t\t<h2 class=\"mkd-st-title\" style=\"color: #2a2a2a\">\n\t\t\t<span>Nasza misja<\/span>\n\t\t<\/h2>\n\t\t<\/div>[vc_empty_space height=&#8221;29px&#8221;][vc_column_text]Z jednej strony bardzo negatywne konsekwencje zaka\u017cenia HCV, z drugiej dost\u0119pno\u015b\u0107 skutecznej terapii powinny sk\u0142ania\u0107 do aktywnego poszukiwania dotychczas niezdiagnozowanych os\u00f3b zaka\u017conych, kt\u00f3re nie maj\u0105 \u015bwiadomo\u015bci w\u0142asnej choroby. Jest to bardzo istotne zadanie, w\u0142a\u015bnie dla lekarzy rodzinnych. Bez ich pomocy osi\u0105gni\u0119cie szczytnych za\u0142o\u017ce\u0144 redukcji liczby zaka\u017conych o 90% przed rokiem 2030 b\u0119dzie niemo\u017cliwe. Oczywi\u015bcie ka\u017cdy mo\u017ce by\u0107 zaka\u017cony HCV, ale szczeg\u00f3ln\u0105 uwag\u0119 nale\u017cy zwr\u00f3ci\u0107 na osoby w przesz\u0142o\u015bci wielokrotnie hospitalizowane, u kt\u00f3rych przed 1993 rokiem mia\u0142o miejsce przetoczenie krwi lub jej preparat\u00f3w, stosuj\u0105ce kiedykolwiek do\u017cylne \u015brodki odurzaj\u0105ce (r\u00f3wnie\u017c donosowe) lub z bli\u017cej nieokre\u015blon\u0105 chorob\u0105 w\u0105troby i\/lub nieprawid\u0142owymi parametrami w\u0105trobowymi.[\/vc_column_text][vc_empty_space height=&#8221;5px&#8221;][vc_column_text]Dzi\u0119ki identyfikacji zaka\u017conych HCV os\u00f3b, a nast\u0119pnie ich skutecznym leczeniu mo\u017cna unikn\u0105\u0107 wielu indywidualnych dramat\u00f3w, a w skali spo\u0142ecznej tak\u017ce niepotrzebnych koszt\u00f3w zwi\u0105zanych z leczeniem powik\u0142a\u0144 marsko\u015bci, przeszczepie\u0144 w\u0105troby oraz konieczno\u015bci\u0105 \u015bwiadcze\u0144 u os\u00f3b niezdolnych do pracy.[\/vc_column_text][vc_empty_space height=&#8221;42px&#8221;][vc_single_image image=&#8221;5295&#8243; img_size=&#8221;170&#215;68&#8243; onclick=&#8221;custom_link&#8221; img_link_target=&#8221;_blank&#8221; css_animation=&#8221;zoomIn&#8221; link=&#8221;http:\/\/gwiazdanadziei.pl&#8221;][\/vc_column_inner][vc_column_inner offset=&#8221;vc_col-lg-offset-0 vc_col-lg-6 vc_col-md-offset-0 vc_col-md-12 vc_col-sm-offset-0 vc_col-xs-12&#8243;]<div class=\"mkd-section-title-holder\" >\n\t\t\t<h2 class=\"mkd-st-title\" style=\"color: #2a2a2a\">\n\t\t\t<span>Opracowanie publikacji<\/span>\n\t\t<\/h2>\n\t\t<\/div>[vc_empty_space height=&#8221;29px&#8221;][vc_column_text]<em>Dr hab. n. med.Krzysztof Tomasiewicz<\/em><img decoding=\"async\" loading=\"lazy\" class=\"alignleft wp-image-5202 size-full\" src=\"http:\/\/hcv.info.pl\/wp-content\/uploads\/2018\/07\/doktor.jpg\" alt=\"\" width=\"130\" height=\"226\" \/><\/p>\n<p><em>Katedra i Klinika Chor\u00f3b Zaka\u017anych i Hepatologii Uniwersytetu Medycznego w Lublinie<\/em><\/p>\n<p>&nbsp;<\/p>\n<p>Specjalista chor\u00f3b zaka\u017anych. Kierownik Katedry i Kliniki Chor\u00f3b Zaka\u017anych Uniwersytetu Medycznego w Lublinie. Cz\u0142onek Zarz\u0105du G\u0142\u00f3wnego Polskiego Towarzystwa Hepatologicznego, Polskiego Towarzystwa Epidemiolog\u00f3w i Lekarzy Chor\u00f3b Zaka\u017anych. Jest cz\u0142onkiem Polskiej Grupy Ekspert\u00f3w HBV i HCV. Cz\u0142onek za\u0142o\u017cyciel Central European Hepatologic Colaboration. Redaktor Naczelny Clinical and Experimental Hepatology. R\u00f3wnocze\u015bnie zajmuje si\u0119 zagadnieniami profilaktyki infekcji HCV, zw\u0142aszcza zaka\u017ce\u0144 szpitalnych. Pracowa\u0142 jako kierownik Projektu IV Szwajcarsko-Polskiego Programu \u201eZapobieganie zaka\u017ceniom HCV\u201d. Stypendysta American-Austrian Foundation. Autor publikacji z zakresu chor\u00f3b zaka\u017anych, hepatologii i immunologii.[\/vc_column_text][vc_empty_space height=&#8221;40px&#8221;]<a itemprop=\"url\" href=\"http:\/\/hcv.info.pl\/index.php\/faq\/\" target=\"_self\" style=\"color: #ffffff;background-color: #2c84cc;border-color: #2c84cc;font-size: 14px;font-weight: 400;text-align: center\" class=\"mkd-btn mkd-btn-medium mkd-btn-solid mkd-btn-custom-hover-bg mkd-btn-custom-border-hover mkd-btn-custom-hover-color mkd-btn-icon mkd-btn-icon-hover-animation\" data-hover-color=\"#ffffff\" data-hover-bg-color=\"#2396f3\" data-hover-border-color=\"#2396f3\" data-icon-bck-color=\"#4292d1\" data-icon-bck-hover-color=\"#39a1f6\" >\n    <span class=\"mkd-btn-text\"  >\n        Przejd\u017a do ePrzewodnika    <\/span>\n\t        <span class=\"mkd-btn-icon-html\" style=\"background-color: #4292d1\" >\n            <i class=\"mkd-icon-font-awesome fa fa-arrow-circle-right mkd-btn-main-icon\" ><\/i>                \t        <span class=\"mkd-btn-icon-hover\">\n    \t            <i class=\"mkd-icon-font-awesome fa fa-arrow-circle-right \" ><\/i>    \t        <\/span>\n                    <\/span>\n\t<\/a>[\/vc_column_inner][\/vc_row_inner][\/vc_column][\/vc_row][vc_row][vc_column][vc_empty_space height=&#8221;40px&#8221;][vc_zigzag el_width=&#8221;50&#8243;][vc_empty_space height=&#8221;40px&#8221;][vc_column_text]<\/p>\n<p style=\"text-align: center;\">WSPARCIE PROJEKTU:<\/p>\n<p>[\/vc_column_text][vc_single_image image=&#8221;5205&#8243; img_size=&#8221;full&#8221; alignment=&#8221;center&#8221;][\/vc_column][\/vc_row]<\/p>\n","protected":false},"excerpt":{"rendered":"<p>[vc_row css=&#8221;.vc_custom_1490100575670{background-color: #f4f4f4 !important;}&#8221;][vc_column css=&#8221;.vc_custom_1491210117905{margin-top: -15.2% !important;}&#8221;][vc_empty_space height=&#8221;240px&#8221;][vc_row_inner gap=&#8221;10&#8243; row_content_width=&#8221;grid&#8221; css=&#8221;.vc_custom_1532648929908{padding-top: 80px !important;padding-bottom: 55px !important;}&#8221;][vc_column_inner offset=&#8221;vc_col-lg-6 vc_col-md-offset-0 vc_col-md-12 vc_col-sm-offset-0 vc_col-xs-12&#8243;][vc_empty_space height=&#8221;29px&#8221;][vc_column_text]Z jednej strony bardzo negatywne konsekwencje zaka\u017cenia HCV, z drugiej dost\u0119pno\u015b\u0107 skutecznej terapii powinny sk\u0142ania\u0107 do aktywnego poszukiwania dotychczas niezdiagnozowanych [&hellip;]<\/p>\n","protected":false},"author":1,"featured_media":0,"parent":0,"menu_order":0,"comment_status":"closed","ping_status":"closed","template":"full-width.php","meta":[],"_links":{"self":[{"href":"https:\/\/hcv.info.pl\/index.php\/wp-json\/wp\/v2\/pages\/775"}],"collection":[{"href":"https:\/\/hcv.info.pl\/index.php\/wp-json\/wp\/v2\/pages"}],"about":[{"href":"https:\/\/hcv.info.pl\/index.php\/wp-json\/wp\/v2\/types\/page"}],"author":[{"embeddable":true,"href":"https:\/\/hcv.info.pl\/index.php\/wp-json\/wp\/v2\/users\/1"}],"replies":[{"embeddable":true,"href":"https:\/\/hcv.info.pl\/index.php\/wp-json\/wp\/v2\/comments?post=775"}],"version-history":[{"count":23,"href":"https:\/\/hcv.info.pl\/index.php\/wp-json\/wp\/v2\/pages\/775\/revisions"}],"predecessor-version":[{"id":5298,"href":"https:\/\/hcv.info.pl\/index.php\/wp-json\/wp\/v2\/pages\/775\/revisions\/5298"}],"wp:attachment":[{"href":"https:\/\/hcv.info.pl\/index.php\/wp-json\/wp\/v2\/media?parent=775"}],"curies":[{"name":"wp","href":"https:\/\/api.w.org\/{rel}","templated":true}]}}